{"id":3879,"date":"2018-06-08T13:40:15","date_gmt":"2018-06-08T18:40:15","guid":{"rendered":"http:\/\/tedsponsorship.com\/?page_id=3879"},"modified":"2024-05-06T14:02:14","modified_gmt":"2024-05-06T19:02:14","slug":"accueil-ted-sponsorship-2","status":"publish","type":"page","link":"http:\/\/tedsponsorship.com\/fr\/","title":{"rendered":"TED Sponsorship"},"content":{"rendered":"<p><section  class=\"content-section full-width is-fluid cover no-padding no-margin content-section-69e076c1bd9b4\"><div class=\"row vc_row-fluid\"><div class=\"wpb_column col-md-12\"><section class=\"home-section bg-dark-alfa-30 hometitle\"  id=\"home\"><div class=\"js-height-full container\"><div class=\"bg-video-wrapper\"data-poster=\"\"data-mp4=\"http:\/\/tedsponsorship.com\/wp-content\/uploads\/2018\/06\/Groovin-Partners_540p_Low\"data-ogv=\"\"data-webm=\"\"data-poster-type=\"\"data-muted=\"true\"data-autoplay=\"true\"><div class=\"bg-video-overlay bg-dark-alfa-30\"><\/div><\/div><div class=\"home-content\"><div class=\"home-text\"><h1 class=\"custom-font-small-size no-transp font-alt mb-50 mb-xs-30\" style=\"font-size:20px;color:#ffffff;\"><\/h1><h2 class=\"hs-line-14 font-alt mb-50 mb-xs-30\" style=\"color:#ffffff;\"><span class=\"text-rotate\">Des partenariats qui font la diff\u00e9rence<\/span><\/h2><\/div><\/div><div class=\"local-scroll\"><a href=\"#about\" title=\"button\" target=\"_self\" class=\"scroll-down\"><i class=\"fa fa-angle-down scroll-down-icon\"><\/i><\/a><\/div><\/div><\/section><\/div><\/div><\/section><section  id=\"about\" class=\"content-section full-width is-fluid cover custom-padding no-margin content-section-69e076c1bdfd7\"><div class=\"row vc_row-fluid\"><div class=\"wpb_column col-md-12\"><div class=\"section-text text-block align-center\" style=\"color:#ffffff;\"><h2 style=\"text-align: center\">Nous sommes une \u00e9quipe de conseillers et d&rsquo;entremetteurs<br \/>\npour des partenariats \u00e0 impact social<\/h2>\n<\/div><\/div><\/div><\/section><section  class=\"content-section full-width with-col cover custom-padding no-margin content-section-69e076c1be68f\"><div class=\"row vc_row-fluid\"><div class=\"wpb_column col-md-6\"><div class=\"section-text text-block \" ><h2>La valeur partag\u00e9e\u00a0pour des partenariats performants<\/h2>\n<p>Les partenariats gagnants op\u00e8rent un mod\u00e8le d\u2019affaire qui favorise la g\u00e9n\u00e9ration de valeur pour tous les parties prenantes.<\/p>\n<p>Ceci requiert la volont\u00e9 de la propri\u00e9t\u00e9 et de ses partenaires \u00e0 mettre \u00e0 profit leur ressources respectives dans le but d\u2019am\u00e9liorer leur comp\u00e9titivit\u00e9 tout en am\u00e9liorant les conditions sociales et \u00e9conomiques des communaut\u00e9s touch\u00e9es.<\/p>\n<\/div><\/div><div class=\"wpb_column col-md-6\"><div  class=\"full-block align-left\" ><img src=\"http:\/\/tedsponsorship.com\/wp-content\/uploads\/2018\/06\/SharedValue_Diagram4_FR.png\"  height=\"400px\" alt=\"\" title=\"\" \/><\/div><\/div><\/div><\/section><section  class=\"content-section full-width with-col cover custom-padding custom-margin content-section-69e076c1bf4e4\"><div class=\"row vc_row-fluid\"><div class=\"wpb_column col-md-6\"><div  class=\"full-block align-center\" ><img src=\"http:\/\/tedsponsorship.com\/wp-content\/uploads\/2016\/04\/neighbor_sm.jpg\"  alt=\"\" title=\"\" \/><\/div><\/div><div class=\"wpb_column col-md-6\"><div class=\"section-text text-block \" ><h2>C\u2019est si valorisant de faire le bien<\/h2>\n<p><strong>Contribuer \u00e0 un changement social positif et durable n\u2019est pas qu\u2019une simple fa\u00e7on de polir son image corporative, c\u2019est un engagement vers la cr\u00e9ation d\u2019une marque forte et pertinente.<\/strong><\/p>\n<p>Nous activons des commandites qui touchent autant les \u00e9motions que la pens\u00e9e. En pla\u00e7ant l\u2019humain au c\u0153ur des strat\u00e9gies, nous d\u00e9veloppons des plateformes de commandite qui valorisent les marques et leur r\u00e9putation. C\u2019est la cl\u00e9 du succ\u00e8s, puisque les gens cherchent \u00e0 interagir avec des entreprises qu\u2019ils admirent et respectent.<\/p>\n<\/div><\/div><\/div><\/section><section  class=\"content-section full-width with-col cover custom-padding no-margin content-section-69e076c1c01d7\"><div class=\"row vc_row-fluid\"><div class=\"wpb_column col-md-12\"><h2  class=\"section-title mb-70 mb-sm-40 font-alt align-center\" style=\"color:#76a179;font-size:40px;margin-bottom:-20px;\">CITOYENNET\u00c9 CORPORATIVE<\/h2><div class=\"section-text text-block align-center\" style=\"color:#ffffff;\"><h3 style=\"text-align: center\">La citoyennet\u00e9 corporative est l\u2019un des trois facteurs les plus importants pour b\u00e2tir une marque r\u00e9put\u00e9e.<\/h3>\n<\/div><\/div><\/div><\/section><section  id=\"collaboration\" class=\"content-section full-width with-col cover custom-padding no-margin content-section-69e076c1c0727\"><div class=\"row vc_row-fluid\"><div class=\"wpb_column col-md-12\"><div class=\"section-text text-block align-center\" style=\"color:#ffffff;\"><h1 style=\"text-align: center\">Structur\u00e9. Efficace. Collaboratif.<br \/>\n<span style=\"color: #74a079\">Voici les \u00abParcours\u00bb.<\/span><\/h1>\n<\/div><div class=\"section-text text-block align-center\" ><p style=\"text-align: center\">Les phases du <em>Parcours<\/em> nous permettent de structurer la collaboration visant \u00e0 g\u00e9n\u00e9rer des b\u00e9n\u00e9fices \u00e0 court terme et r\u00e9pondre aux objectifs \u00e0 long terme.\u00a0 Notre but est de vous guider progressivement \u00e0 travers ces phases, tout en optimisant continuellement la performance et les r\u00e9sultats de votre plateforme de partenariats.<\/p>\n<\/div><\/div><\/div><\/section><section  class=\"content-section full-width with-col cover no-padding no-margin content-section-69e076c1c0f72\"><div class=\"row vc_row-fluid\"><div class=\"wpb_column col-md-4\"><section  class=\"content-section full-width with-col cover no-padding no-margin content-section-69e076c1c16f1\"><div class=\"row vc_row-fluid\"><div class=\"wpb_column col-md-8\"><div class=\"section-text text-block align-center\" ><h3 style=\"text-align: center;margin-bottom: 10px\">Apprentissage<\/h3>\n<p style=\"text-align: center\">Ateliers et sessions cr\u00e9atives sur les partenariats \u00e0 impact social<\/p>\n<\/div><\/div><div class=\"wpb_column col-md-4 hidden-sm hidden-xs\"><div  class=\"full-block align-left\" ><img src=\"http:\/\/tedsponsorship.com\/wp-content\/uploads\/2016\/04\/fleche_3.png\"  alt=\"\" title=\"\" \/><\/div><\/div><\/div><\/section><\/div><div class=\"wpb_column col-md-4\"><section  class=\"content-section full-width with-col cover no-padding no-margin content-section-69e076c1c2799\"><div class=\"row vc_row-fluid\"><div class=\"wpb_column col-md-8\"><div class=\"section-text text-block align-center\" ><h3 style=\"text-align: center;margin-bottom: 10px\">Strat\u00e9gie<\/h3>\n<p style=\"text-align: center\">Strat\u00e9gies de partenariats\u00a0et d&rsquo;activation visant les objectifs \u00e0 court et long terme<\/p>\n<\/div><\/div><div class=\"wpb_column col-md-4 hidden-sm hidden-xs\"><div  class=\"full-block align-left\" ><img src=\"http:\/\/tedsponsorship.com\/wp-content\/uploads\/2016\/04\/fleche_3.png\"  alt=\"\" title=\"\" \/><\/div><\/div><\/div><\/section><\/div><div class=\"wpb_column col-md-4\"><section  class=\"content-section full-width with-col cover no-padding no-margin content-section-69e076c1c3194\"><div class=\"row vc_row-fluid\"><div class=\"wpb_column col-md-8\"><div class=\"section-text text-block align-center\" ><h3 style=\"text-align: center;margin-bottom: 10px\">Opportunit\u00e9s<\/h3>\n<p style=\"text-align: center\">Recherche, repr\u00e9sentation, n\u00e9gociation et gestion de vos partenariats.<\/p>\n<\/div><\/div><div class=\"wpb_column col-md-4 hidden-sm hidden-xs\"><div  class=\"full-block align-left\" ><img src=\"http:\/\/tedsponsorship.com\/wp-content\/uploads\/2016\/04\/fleche_3.png\"  alt=\"\" title=\"\" \/><\/div><\/div><\/div><\/section><\/div><\/div><\/section><section  class=\"content-section full-width with-col cover no-padding no-margin content-section-69e076c1c38d1\"><div class=\"row vc_row-fluid\"><div class=\"wpb_column col-md-4\"><section  class=\"content-section full-width with-col cover no-padding no-margin content-section-69e076c1c3fa2\"><div class=\"row vc_row-fluid\"><div class=\"wpb_column col-md-4 hidden-sm hidden-xs\"><div  class=\"full-block align-right\" ><img src=\"http:\/\/tedsponsorship.com\/wp-content\/uploads\/2016\/04\/fleche_3.png\"  alt=\"\" title=\"\" \/><\/div><\/div><div class=\"wpb_column col-md-8\"><div class=\"section-text text-block align-center\" ><h3 style=\"text-align: center;margin-bottom: 10px\">Engagement<\/h3>\n<p style=\"text-align: center\">Programmes d\u2019engagement multicanaux pour donner vie \u00e0 vos partenariats.<\/p>\n<\/div><\/div><\/div><\/section><\/div><div class=\"wpb_column col-md-4\"><section  class=\"content-section full-width with-col cover no-padding no-margin content-section-69e076c1c48cf\"><div class=\"row vc_row-fluid\"><div class=\"wpb_column col-md-4 hidden-sm hidden-xs\"><div  class=\"full-block align-right\" ><img src=\"http:\/\/tedsponsorship.com\/wp-content\/uploads\/2016\/04\/fleche_3.png\"  alt=\"\" title=\"\" \/><\/div><\/div><div class=\"wpb_column col-md-8\"><div class=\"section-text text-block align-center\" ><h3 style=\"text-align: center;margin-bottom: 10px\">Amplification<\/h3>\n<p style=\"text-align: center\">Histoires captivantes sur la contribution sociale de votre organisation, d\u00e9livr\u00e9es efficacement \u00e0 votre public cible.<\/p>\n<\/div><\/div><\/div><\/section><\/div><div class=\"wpb_column col-md-4\"><section  class=\"content-section full-width with-col cover no-padding no-margin content-section-69e076c1c5263\"><div class=\"row vc_row-fluid\"><div class=\"wpb_column col-md-4 hidden-sm hidden-xs\"><div  class=\"full-block align-right\" ><img src=\"http:\/\/tedsponsorship.com\/wp-content\/uploads\/2016\/04\/fleche_3.png\"  alt=\"\" title=\"\" \/><\/div><\/div><div class=\"wpb_column col-md-8\"><div class=\"section-text text-block align-center\" ><h3 style=\"text-align: center;margin-bottom: 10px\">Optimisation<\/h3>\n<p style=\"text-align: center\">Suivi de la performance de votre plateforme de partenariats et sessions d\u2019optimisation.<\/p>\n<\/div><\/div><\/div><\/section><\/div><\/div><\/section><section  class=\"content-section full-width with-col cover no-padding no-margin content-section-69e076c1c59f3\"><div class=\"row vc_row-fluid\"><div class=\"wpb_column col-md-12\"><div  class=\"clear rs-space\" style=\"height:100px;\"><\/div><\/div><\/div><\/section><section  class=\"content-section full-width with-col cover custom-padding no-margin content-section-69e076c1c5c5c\"><div class=\"row vc_row-fluid\"><div class=\"wpb_column col-md-8\"><div class=\"section-text text-block \" ><h2><span style=\"color: #ffffff\">Comment peut-on b\u00e2tir des partenariats qui\u00a0font la diff\u00e9rence?\u00a0 Parlons-en.<\/span><\/h2>\n<\/div><\/div><div class=\"wpb_column col-md-4\">[vc_btn title=\u00a0\u00bbContactez TED\u00a0\u00bb style=\u00a0\u00bboutline\u00a0\u00bb color=\u00a0\u00bbwhite\u00a0\u00bb size=\u00a0\u00bblg\u00a0\u00bb align=\u00a0\u00bbcenter\u00a0\u00bb link=\u00a0\u00bburl:mailto%3Ainfo%40tedsponsorship.com||\u00a0\u00bb button_block=\u00a0\u00bbtrue\u00a0\u00bb css=\u00a0\u00bb.vc_custom_1530035001029{margin-top: 30px !important;}\u00a0\u00bb]<\/div><\/div><\/section><section  id=\"results\" class=\"content-section full-width with-col cover custom-padding no-margin content-section-69e076c1c61ff\"><div class=\"row vc_row-fluid\"><div class=\"wpb_column col-md-12\"><div class=\"section-text text-block \" ><h2 style=\"text-align: center\">Le succ\u00e8s, c&rsquo;est lorsque tout le monde gagne<\/h2>\n<p style=\"text-align: center\">Nous \u00e9valuons le succ\u00e8s sur des r\u00e9alisations \u00e0 court terme, l&rsquo;engagement soutenu des parties prenantes et l&rsquo;impact social.<\/p>\n<\/div><\/div><\/div><\/section><section  class=\"content-section full-width with-col cover no-padding no-margin content-section-69e076c1c6784\"><div class=\"row vc_row-fluid\"><div class=\"wpb_column col-md-6\"><div class=\"section-text text-block \" ><h2><a style=\"color: #74a079;text-decoration: none\" href=\"\/bixi-case-study\/\">Le parfait commanditaire principal pour soutenir la mobilit\u00e9 urbaine durable<\/a><\/h2>\n<p>Suite \u00e0 la restructuration de BIXI en 2014, l\u2019organisation de v\u00e9lopartage a d\u00fb relancer sa marque et sa plateforme de commandite. TED Sponsorship a rep\u00e9r\u00e9 le commanditaire en titre id\u00e9al et continue encore \u00e0 ce jour de soutenir l\u2019\u00e9quipe BIXI \u00e0 d\u00e9velopper et activer la plateforme de commandite.<\/p>\n<\/div><div  class=\"mb-10\"><a href=\"\/bixi-case-study\/\" title=\"button\" target=\"_self\" class=\"btn  btn-mod  btn-small btn-solid btn-round\"> Voir l&#039;\u00e9tude de cas<\/a><\/div><\/div><div class=\"wpb_column col-md-6\"><div  class=\"full-block align-left\" ><img src=\"http:\/\/tedsponsorship.com\/wp-content\/uploads\/2017\/11\/bixi.jpg\"  alt=\"\" title=\"\" \/><\/div><\/div><\/div><\/section><section  class=\"content-section full-width with-col cover no-padding no-margin content-section-69e076c1c74a0\"><div class=\"row vc_row-fluid\"><div class=\"wpb_column col-md-12\"><div  class=\"clear rs-space\" style=\"height:50px;\"><\/div><\/div><\/div><\/section><section  class=\"content-section full-width with-col cover no-padding no-margin content-section-69e076c1c76d9\"><div class=\"row vc_row-fluid\"><div class=\"wpb_column col-md-6 hidden-sm hidden-xs\"><div  class=\"full-block align-right\" ><img src=\"http:\/\/tedsponsorship.com\/wp-content\/uploads\/2017\/11\/sherwin_williams.jpg\"  alt=\"\" title=\"\" \/><\/div><\/div><div class=\"wpb_column col-md-6 hidden-sm hidden-xs\"><div class=\"section-text text-block \" ><h2><a style=\"color: #74a079;text-decoration: none\" href=\"\/sherwin-williams-case-study\/\">Des couleurs qui font du bien<\/a><\/h2>\n<p>TED Sponsorship a orchestr\u00e9 un programme de sensibilisation communautaire pour Sherwin-Williams qui a d\u00e9montr\u00e9 que les couleurs peuvent v\u00e9ritablement faire du bien. En soulignant son 150e anniversaire, Sherwin-Williams a lanc\u00e9 un concours visant \u00e0 ex\u00e9cuter plusieurs projets communautaires stimulants qui auront un impact positif sur la vie des Qu\u00e9b\u00e9cois.<\/p>\n<\/div><div  class=\"mb-10\"><a href=\"\/sherwin-williams-case-study\/\" title=\"button\" target=\"_self\" class=\"btn  btn-mod  btn-small btn-solid btn-round\"> Voir l&#039;\u00e9tude de cas<\/a><\/div><\/div><\/div><\/section><section  class=\"content-section full-width with-col cover no-padding no-margin content-section-69e076c1c8236\"><div class=\"row vc_row-fluid\"><div class=\"wpb_column col-md-6 hidden-lg hidden-md\"><div class=\"section-text text-block \" ><h2><a style=\"color: #74a079;text-decoration: none\" href=\"\/sherwin-williams-case-study\/\">Des couleurs qui font du bien<\/a><\/h2>\n<p>TED Sponsorship a orchestr\u00e9 un programme de sensibilisation communautaire pour Sherwin-Williams qui a d\u00e9montr\u00e9 que les couleurs peuvent v\u00e9ritablement faire du bien. En soulignant son 150e anniversaire, Sherwin-Williams a lanc\u00e9 un concours visant \u00e0 ex\u00e9cuter plusieurs projets communautaires stimulants qui auront un impact positif sur la vie des Qu\u00e9b\u00e9cois.<\/p>\n<\/div><div  class=\"mb-10\"><a href=\"\/sherwin-williams-case-study\/\" title=\"button\" target=\"_self\" class=\"btn  btn-mod  btn-small btn-solid btn-round\"> Voir l&#039;\u00e9tude de cas<\/a><\/div><\/div><div class=\"wpb_column col-md-6 hidden-lg hidden-md\"><div  class=\"full-block align-left\" ><img src=\"http:\/\/tedsponsorship.com\/wp-content\/uploads\/2017\/11\/sherwin_williams.jpg\"  alt=\"\" title=\"\" \/><\/div><\/div><\/div><\/section><section  class=\"content-section full-width with-col cover no-padding no-margin content-section-69e076c1c8a78\"><div class=\"row vc_row-fluid\"><div class=\"wpb_column col-md-12\"><div  class=\"clear rs-space\" style=\"height:50px;\"><\/div><\/div><\/div><\/section><section  id=\"results\" class=\"content-section full-width with-col cover no-padding no-margin content-section-69e076c1c8c9b\"><div class=\"row vc_row-fluid\"><div class=\"wpb_column col-md-6\"><div class=\"section-text text-block \" ><h2><a style=\"color: #74a079;text-decoration: none\" href=\"\/chl-case-study\/\">Nos jeunes joueurs canadiens de hockey<\/a><\/h2>\n<p>La Ligue canadienne de hockey (CHL), une organisation \u00e0 but non lucratif, est l\u2019un des plus grands distributeurs de bourses d\u2019\u00e9tudes au Canada. Sa mission est de soutenir les jeunes athl\u00e8tes qui quittent leurs familles \u00e0 un jeune \u00e2ge afin qu\u2019ils puissent devenir des citoyens responsables. Plus de 1300 jeunes joueurs vivent dans des familles d\u2019accueil et d\u00e9pendent de divers programmes pour assurer leur bien-\u00eatre, leur d\u00e9veloppement professionnel et social ainsi que leur \u00e9ducation. Gr\u00e2ce \u00e0 TED Sponsorship, plus de 11.5 millions de dollars en revenus de commandite ont \u00e9t\u00e9 g\u00e9n\u00e9r\u00e9s \u00e0 travers les cinq derni\u00e8res ann\u00e9es, contribuant ainsi consid\u00e9rablement au financement des programmes pour nos jeunes joueurs de hockey canadiens partout au pays.<\/p>\n<\/div><div  class=\"mb-10\"><a href=\"\/chl-case-study\/\" title=\"button\" target=\"_self\" class=\"btn  btn-mod  btn-small btn-solid btn-round\"> Voir l&#039;\u00e9tude de cas<\/a><\/div><\/div><div class=\"wpb_column col-md-6\"><div  class=\"full-block align-left\" ><img src=\"http:\/\/tedsponsorship.com\/wp-content\/uploads\/2017\/11\/chl_home_3.jpg\"  alt=\"\" title=\"\" \/><\/div><\/div><\/div><\/section><section  class=\"content-section full-width with-col cover no-padding no-margin content-section-69e076c1c99e1\"><div class=\"row vc_row-fluid\"><div class=\"wpb_column col-md-12\"><div  class=\"clear rs-space\" style=\"height:80px;\"><\/div><\/div><\/div><\/section><section  id=\"careers\" class=\"content-section full-width with-col cover pt-70 pb-70 pt-xs-50 pb-xs-50 no-margin content-section-69e076c1c9c36\"><div class=\"row vc_row-fluid\"><div class=\"wpb_column col-md-12\"><div class=\"section-text text-block align-center\" style=\"color:#ffffff;\"><h1 style=\"text-align: center\"><span style=\"color: #ffffff\">Carri\u00e8res<\/span><\/h1>\n<\/div><div class=\"section-text text-block align-center\" ><p style=\"text-align: center\"><span style=\"color: #ffffff\">Si vous \u00eates motiv\u00e9(e) par le changement social et que vous \u00eates passionn\u00e9(e) de la commandite, envoyez-nous votre CV et partagez votre opinion sur les partenariats \u00e0 impact social \u00e0 <a href=\"mailto:info@tedsponsorship.com\">fred@tedsponsorship.com<\/a><\/span><\/p>\n<\/div><\/div><\/div><\/section><section  id=\"contact\" class=\"content-section full-width with-col cover custom-padding no-margin content-section-69e076c1ca541\"><div class=\"row vc_row-fluid\"><div class=\"wpb_column col-md-12\"><div class=\"section-text text-block align-left\" ><h1>Nous joindre<\/h1>\n<\/div><div  class=\"clear rs-space\" style=\"height:25px;\"><\/div><\/div><\/div><\/section><section  class=\"content-section full-width with-col cover no-padding no-margin content-section-69e076c1ca929\"><div class=\"row vc_row-fluid\"><div class=\"wpb_column col-md-4\"><div class=\"section-text text-block align-left\" ><p><span style=\"color: #000000\"><strong>Opportunit\u00e9s d&rsquo;affaires<\/strong><\/span><br \/>\n<span style=\"color: #000000\">fred@tedsponsorship.com<\/span><\/p>\n<p><span style=\"color: #000000\"><strong>Questions, commentaires et autres demandes<\/strong><\/span><br \/>\n<span style=\"color: #000000\">fred@tedsponsorship.com<\/span><\/p>\n<p><b><span style=\"color: #000000\">Suivez-nous<\/span><br \/>\n<\/b><a href=\"https:\/\/www.linkedin.com\/company\/10478681\/\" target=\"_blank\" rel=\"noopener\"><img loading=\"lazy\" src=\"http:\/\/tedsponsorship.com\/wp-content\/uploads\/2016\/04\/linkedin_logo_rev.png\" alt=\"linkedin_logo_rev\" width=\"36\" height=\"34\" \/><\/a><\/p>\n<\/div><\/div><div class=\"wpb_column col-md-4\"><div class=\"section-text text-block \" ><p><span style=\"color: #000000\"><strong>Montreal<br \/>\n<\/strong>+1 514.802.8002<\/span><br \/>\n<span style=\"color: #000000\"> 4020 rue St-Ambroise, bureau 399<\/span><br \/>\n<span style=\"color: #000000\"> Montr\u00e9al [Qu\u00e9bec] <\/span><span style=\"color: #000000\">H4C2C7<\/span><\/p>\n<p style=\"text-align: right\"><span style=\"font-size: 9px\"><img loading=\"lazy\" class=\"alignnone size-full wp-image-3499\" src=\"http:\/\/tedsponsorship.com\/wp-content\/uploads\/2015\/03\/TED_Sponsorship_footer.png\" alt=\"TED Sponsorship\" width=\"100\" height=\"87\" \/><\/span><\/p>\n<p style=\"text-align: right\"><span style=\"font-size: 9px\">\u00a9\u00a02018 \u2013 tedsponsorship.com \u2013 Tous droits r\u00e9serv\u00e9s.<\/span><\/p>\n<\/div><\/div><\/div><\/section><section  class=\"content-section full-width with-col cover no-padding no-margin content-section-69e076c1cc0a9\"><div class=\"row vc_row-fluid\"><div class=\"wpb_column col-md-12\"><div  class=\"clear rs-space\" style=\"height:100px;\"><\/div><\/div><\/div><\/section><\/p>","protected":false},"excerpt":{"rendered":"Des partenariats qui font la diff\u00e9renceNous sommes une \u00e9quipe de conseillers et d'entremetteurs pour des partenariats \u00e0 impact social La valeur partag\u00e9e\u00a0pour des partenariats performants Les partenariats gagnants op\u00e8rent un mod\u00e8le d\u2019affaire qui favorise la g\u00e9n\u00e9ration de valeur pour tous les parties prenantes. Ceci requiert la volont\u00e9 de la propri\u00e9t\u00e9 et de ses partenaires \u00e0","protected":false},"author":1,"featured_media":0,"parent":0,"menu_order":0,"comment_status":"closed","ping_status":"closed","template":"","meta":[],"_links":{"self":[{"href":"http:\/\/tedsponsorship.com\/fr\/wp-json\/wp\/v2\/pages\/3879"}],"collection":[{"href":"http:\/\/tedsponsorship.com\/fr\/wp-json\/wp\/v2\/pages"}],"about":[{"href":"http:\/\/tedsponsorship.com\/fr\/wp-json\/wp\/v2\/types\/page"}],"author":[{"embeddable":true,"href":"http:\/\/tedsponsorship.com\/fr\/wp-json\/wp\/v2\/users\/1"}],"replies":[{"embeddable":true,"href":"http:\/\/tedsponsorship.com\/fr\/wp-json\/wp\/v2\/comments?post=3879"}],"version-history":[{"count":179,"href":"http:\/\/tedsponsorship.com\/fr\/wp-json\/wp\/v2\/pages\/3879\/revisions"}],"predecessor-version":[{"id":4090,"href":"http:\/\/tedsponsorship.com\/fr\/wp-json\/wp\/v2\/pages\/3879\/revisions\/4090"}],"wp:attachment":[{"href":"http:\/\/tedsponsorship.com\/fr\/wp-json\/wp\/v2\/media?parent=3879"}],"curies":[{"name":"wp","href":"https:\/\/api.w.org\/{rel}","templated":true}]}}