{"id":3039,"date":"2016-04-14T18:50:25","date_gmt":"2016-04-14T23:50:25","guid":{"rendered":"http:\/\/tedsponsorship.com\/?page_id=3039"},"modified":"2018-06-28T14:54:38","modified_gmt":"2018-06-28T19:54:38","slug":"accueil-ted-sponsorship","status":"publish","type":"page","link":"http:\/\/tedsponsorship.com\/fr\/accueil-ted-sponsorship\/","title":{"rendered":"TED Sponsorship 2017"},"content":{"rendered":"<p><section  class=\"content-section full-width is-fluid cover no-padding no-margin content-section-69f5c53e28481\"><div class=\"row vc_row-fluid\"><div class=\"wpb_column col-md-12\"><div  class=\"bg-dark relative hometitle\"><div class=\"fullwidth-gallery\" ><section class=\"home-section bg-scroll bg-dark-alfa-30\" data-background=\"http:\/\/tedsponsorship.com\/wp-content\/uploads\/2016\/04\/bixi_cover.jpg\"><div class=\"js-height-full\"><\/div><\/section><section class=\"home-section bg-scroll bg-dark-alfa-30\" data-background=\"http:\/\/tedsponsorship.com\/wp-content\/uploads\/2016\/04\/skateboarder.jpg\"><div class=\"js-height-full\"><\/div><\/section><section class=\"home-section bg-scroll bg-dark-alfa-30\" data-background=\"http:\/\/tedsponsorship.com\/wp-content\/uploads\/2016\/04\/concert_home.jpg\"><div class=\"js-height-full\"><\/div><\/section><\/div><div class=\"js-height-full fullwidth-galley-content\"><div class=\"home-content container\"><div class=\"home-text\"><div class=\"custom-font-small-size no-transp font-alt mb-40 mb-xs-20\" style=\"font-size:20px;color:#ffffff;\"><\/div><div class=\"hs-line-14 mb-50 mb-xs-30\" style=\"color:#ffffff;\">Des commandites qui font une diff\u00e9rence.<\/div><\/div><\/div><div class=\"local-scroll\"><a href=\"#about\" title=\"button\" target=\"_self\" class=\"scroll-down\"><i class=\"fa fa-angle-down scroll-down-icon\"><\/i><\/a><\/div><\/div><\/div><\/div><\/div><\/section><section  id=\"about\" class=\"content-section full-width is-fluid cover custom-padding no-margin content-section-69f5c53e29d72\"><div class=\"row vc_row-fluid\"><div class=\"wpb_column col-md-12\"><div class=\"section-text text-block align-center\" style=\"color:#ffffff;\"><h1 style=\"text-align: center\">Nous sommes les sp\u00e9cialistes de la commandite<br \/>\navec une approche humaine et un sens aiguis\u00e9 pour les affaires.<\/h1>\n<\/div><\/div><\/div><\/section><section  class=\"content-section full-width with-col cover no-padding custom-margin content-section-69f5c53e2a4e0\"><div class=\"row vc_row-fluid\"><div class=\"wpb_column col-md-6\"><div  class=\"full-block align-center\" ><img src=\"http:\/\/tedsponsorship.com\/wp-content\/uploads\/2016\/04\/neighbor_sm.jpg\"  alt=\"\" title=\"\" \/><\/div><\/div><div class=\"wpb_column col-md-6\"><div class=\"section-text text-block \" ><h2>C\u2019est si valorisant de faire le bien<\/h2>\n<p><strong>Contribuer \u00e0 un changement social positif et durable n\u2019est pas qu\u2019une simple fa\u00e7on de polir son image corporative, c\u2019est un engagement vers la cr\u00e9ation d\u2019une marque forte et pertinente.<\/strong><\/p>\n<p>Nous activons des commandites qui touchent autant les \u00e9motions que la pens\u00e9e. En pla\u00e7ant l\u2019humain au c\u0153ur des strat\u00e9gies, nous d\u00e9veloppons des plateformes de commandite qui valorisent les marques et leur r\u00e9putation. C\u2019est la cl\u00e9 du succ\u00e8s, puisque les gens cherchent \u00e0 interagir avec des entreprises qu\u2019ils admirent et respectent.<\/p>\n<\/div><\/div><\/div><\/section><section  class=\"content-section full-width with-col cover custom-padding no-margin content-section-69f5c53e2b094\"><div class=\"row vc_row-fluid\"><div class=\"wpb_column col-md-12\"><h2  class=\"section-title mb-70 mb-sm-40 font-alt align-center\" style=\"color:#76a179;font-size:40px;margin-bottom:-20px;\">CITOYENNET\u00c9 CORPORATIVE<\/h2><div class=\"section-text text-block align-center\" style=\"color:#ffffff;\"><h3 style=\"text-align: center\">La citoyennet\u00e9 corporative est l\u2019un des trois facteurs les plus importants pour b\u00e2tir une marque r\u00e9put\u00e9e.<\/h3>\n<\/div><\/div><\/div><\/section><section  class=\"content-section full-width with-col cover custom-padding no-margin content-section-69f5c53e2b586\"><div class=\"row vc_row-fluid\"><div class=\"wpb_column col-md-12\"><div class=\"section-text text-block align-center\" style=\"color:#ffffff;\"><h1 style=\"text-align: center\">\u00abComme tout \u00eatre humain, la commandite a un c\u00f4t\u00e9 \u00e9motionnel et un c\u00f4t\u00e9 rationnel. Une strat\u00e9gie de commandite r\u00e9ussie repose sur trois piliers d\u2019importance \u00e9gale: la marque sociale d\u2019entreprise, l\u2019engagement des parties prenantes et les actifs de la propri\u00e9t\u00e9.\u00bb<\/h1>\n<p style=\"text-align: center\">&#8211; Fr\u00e9d\u00e9ric Turgeon, Pr\u00e9sident &#8211;<\/p>\n<p><img loading=\"lazy\" class=\"size-full wp-image-3503 aligncenter\" src=\"http:\/\/tedsponsorship.com\/wp-content\/uploads\/2015\/03\/Frederic_Turgeon.png\" alt=\"Frederic Turgeon\" width=\"150\" height=\"150\" \/><\/p>\n<\/div><\/div><\/div><\/section><section  class=\"content-section full-width with-col cover no-padding no-margin content-section-69f5c53e2bc54\"><div class=\"row vc_row-fluid\"><div class=\"wpb_column col-md-12\"><div  class=\"clear rs-space\" style=\"height:100px;\"><\/div><\/div><\/div><\/section><section  id=\"results\" class=\"content-section full-width with-col cover no-padding no-margin content-section-69f5c53e2bebe\"><div class=\"row vc_row-fluid\"><div class=\"wpb_column col-md-6\"><div class=\"section-text text-block \" ><h2><a style=\"color: #74a079;text-decoration: none\" href=\"\/bixi-case-study\/\">Le parfait commanditaire principal pour soutenir la mobilit\u00e9 urbaine durable<\/a><\/h2>\n<p>Suite \u00e0 la restructuration de BIXI en 2014, l\u2019organisation de v\u00e9lopartage a d\u00fb relancer sa marque et sa plateforme de commandite. TED Sponsorship a rep\u00e9r\u00e9 le commanditaire en titre id\u00e9al et continue encore \u00e0 ce jour de soutenir l\u2019\u00e9quipe BIXI \u00e0 d\u00e9velopper et activer la plateforme de commandite.<\/p>\n<\/div><div  class=\"mb-10\"><a href=\"\/bixi-case-study\/\" title=\"button\" target=\"_self\" class=\"btn  btn-mod  btn-small btn-solid btn-round\"> Voir l&#039;\u00e9tude de cas<\/a><\/div><\/div><div class=\"wpb_column col-md-6\"><div  class=\"full-block align-left\" ><img src=\"http:\/\/tedsponsorship.com\/wp-content\/uploads\/2017\/11\/bixi.jpg\"  alt=\"\" title=\"\" \/><\/div><\/div><\/div><\/section><section  class=\"content-section full-width with-col cover no-padding no-margin content-section-69f5c53e2cc41\"><div class=\"row vc_row-fluid\"><div class=\"wpb_column col-md-12\"><div  class=\"clear rs-space\" style=\"height:50px;\"><\/div><\/div><\/div><\/section><section  class=\"content-section full-width with-col cover no-padding no-margin content-section-69f5c53e2ce82\"><div class=\"row vc_row-fluid\"><div class=\"wpb_column col-md-6 hidden-sm hidden-xs\"><div  class=\"full-block align-right\" ><img src=\"http:\/\/tedsponsorship.com\/wp-content\/uploads\/2017\/11\/sherwin_williams.jpg\"  alt=\"\" title=\"\" \/><\/div><\/div><div class=\"wpb_column col-md-6 hidden-sm hidden-xs\"><div class=\"section-text text-block \" ><h2><a style=\"color: #74a079;text-decoration: none\" href=\"\/sherwin-williams-case-study\/\">Des couleurs qui font du bien<\/a><\/h2>\n<p>TED Sponsorship a orchestr\u00e9 un programme de sensibilisation communautaire pour Sherwin-Williams qui a d\u00e9montr\u00e9 que les couleurs peuvent v\u00e9ritablement faire du bien. En soulignant son 150e anniversaire, Sherwin-Williams a lanc\u00e9 un concours visant \u00e0 ex\u00e9cuter plusieurs projets communautaires stimulants qui auront un impact positif sur la vie des Qu\u00e9b\u00e9cois.<\/p>\n<\/div><div  class=\"mb-10\"><a href=\"\/sherwin-williams-case-study\/\" title=\"button\" target=\"_self\" class=\"btn  btn-mod  btn-small btn-solid btn-round\"> Voir l&#039;\u00e9tude de cas<\/a><\/div><\/div><\/div><\/section><section  class=\"content-section full-width with-col cover no-padding no-margin content-section-69f5c53e2da7f\"><div class=\"row vc_row-fluid\"><div class=\"wpb_column col-md-6 hidden-lg hidden-md\"><div class=\"section-text text-block \" ><h2><a style=\"color: #74a079;text-decoration: none\" href=\"\/sherwin-williams-case-study\/\">Des couleurs qui font du bien<\/a><\/h2>\n<p>TED Sponsorship a orchestr\u00e9 un programme de sensibilisation communautaire pour Sherwin-Williams qui a d\u00e9montr\u00e9 que les couleurs peuvent v\u00e9ritablement faire du bien. En soulignant son 150e anniversaire, Sherwin-Williams a lanc\u00e9 un concours visant \u00e0 ex\u00e9cuter plusieurs projets communautaires stimulants qui auront un impact positif sur la vie des Qu\u00e9b\u00e9cois.<\/p>\n<\/div><div  class=\"mb-10\"><a href=\"\/sherwin-williams-case-study\/\" title=\"button\" target=\"_self\" class=\"btn  btn-mod  btn-small btn-solid btn-round\"> Voir l&#039;\u00e9tude de cas<\/a><\/div><\/div><div class=\"wpb_column col-md-6 hidden-lg hidden-md\"><div  class=\"full-block align-left\" ><img src=\"http:\/\/tedsponsorship.com\/wp-content\/uploads\/2017\/11\/sherwin_williams.jpg\"  alt=\"\" title=\"\" \/><\/div><\/div><\/div><\/section><section  class=\"content-section full-width with-col cover no-padding no-margin content-section-69f5c53e2e2bd\"><div class=\"row vc_row-fluid\"><div class=\"wpb_column col-md-12\"><div  class=\"clear rs-space\" style=\"height:50px;\"><\/div><\/div><\/div><\/section><section  id=\"results\" class=\"content-section full-width with-col cover no-padding no-margin content-section-69f5c53e2e4e8\"><div class=\"row vc_row-fluid\"><div class=\"wpb_column col-md-6\"><div class=\"section-text text-block \" ><h2><a style=\"color: #74a079;text-decoration: none\" href=\"\/chl-case-study\/\">Nos jeunes joueurs canadiens de hockey<\/a><\/h2>\n<p>La Ligue canadienne de hockey (CHL), une organisation \u00e0 but non lucratif, est l\u2019un des plus grands distributeurs de bourses d\u2019\u00e9tudes au Canada. Sa mission est de soutenir les jeunes athl\u00e8tes qui quittent leurs familles \u00e0 un jeune \u00e2ge afin qu\u2019ils puissent devenir des citoyens responsables. Plus de 1300 jeunes joueurs vivent dans des familles d\u2019accueil et d\u00e9pendent de divers programmes pour assurer leur bien-\u00eatre, leur d\u00e9veloppement professionnel et social ainsi que leur \u00e9ducation. Gr\u00e2ce \u00e0 TED Sponsorship, plus de 11.5 millions de dollars en revenus de commandite ont \u00e9t\u00e9 g\u00e9n\u00e9r\u00e9s \u00e0 travers les cinq derni\u00e8res ann\u00e9es, contribuant ainsi consid\u00e9rablement au financement des programmes pour nos jeunes joueurs de hockey canadiens partout au pays.<\/p>\n<\/div><div  class=\"mb-10\"><a href=\"\/chl-case-study\/\" title=\"button\" target=\"_self\" class=\"btn  btn-mod  btn-small btn-solid btn-round\"> Voir l&#039;\u00e9tude de cas<\/a><\/div><\/div><div class=\"wpb_column col-md-6\"><div  class=\"full-block align-left\" ><img src=\"http:\/\/tedsponsorship.com\/wp-content\/uploads\/2017\/11\/chl_home_3.jpg\"  alt=\"\" title=\"\" \/><\/div><\/div><\/div><\/section><section  class=\"content-section full-width is-fluid cover no-padding no-margin content-section-69f5c53e2f1a9\"><div class=\"row vc_row-fluid\"><div class=\"wpb_column col-md-12\"><hr  class=\"ts-divider\" style=\"margin-top:0px;margin-bottom:0px;\"><\/div><\/div><\/section><section  id=\"collaboration\" class=\"content-section full-width with-col cover custom-padding no-margin content-section-69f5c53e2f3f7\"><div class=\"row vc_row-fluid\"><div class=\"wpb_column col-md-12\"><div class=\"section-text text-block align-center\" style=\"color:#ffffff;\"><h1 style=\"text-align: center\">Structur\u00e9. Efficace. Collaboratif.<br \/>\n<span style=\"color: #74a079\">Voici les \u00abParcours\u00bb.<\/span><\/h1>\n<\/div><div class=\"section-text text-block align-center\" ><p style=\"text-align: center\">Les d\u00e9marches du Parcours nous permettent de maximiser les collaborations pour garantir des b\u00e9n\u00e9fices imm\u00e9diats et r\u00e9aliser des objectifs \u00e0 long terme. Notre but est de vous guider progressivement \u00e0 travers les phases du Parcours, tout en cherchant continuellement \u00e0 optimiser la performance et les r\u00e9sultats de votre plateforme de commandite.<\/p>\n<\/div><\/div><\/div><\/section><section  class=\"content-section full-width with-col cover no-padding no-margin content-section-69f5c53e2fb75\"><div class=\"row vc_row-fluid\"><div class=\"wpb_column col-md-4\"><section  class=\"content-section full-width with-col cover no-padding no-margin content-section-69f5c53e302a3\"><div class=\"row vc_row-fluid\"><div class=\"wpb_column col-md-8\"><div class=\"section-text text-block align-center\" ><h3 style=\"text-align: center;margin-bottom: 10px\">Apprentissage<\/h3>\n<p style=\"text-align: center\">Ateliers de formation pour votre \u00e9quipe.<\/p>\n<\/div><\/div><div class=\"wpb_column col-md-4 hidden-sm hidden-xs\"><div  class=\"full-block align-left\" ><img src=\"http:\/\/tedsponsorship.com\/wp-content\/uploads\/2016\/04\/fleche_3.png\"  alt=\"\" title=\"\" \/><\/div><\/div><\/div><\/section><\/div><div class=\"wpb_column col-md-4\"><section  class=\"content-section full-width with-col cover no-padding no-margin content-section-69f5c53e31108\"><div class=\"row vc_row-fluid\"><div class=\"wpb_column col-md-8\"><div class=\"section-text text-block align-center\" ><h3 style=\"text-align: center;margin-bottom: 10px\">Strat\u00e9gie<\/h3>\n<p style=\"text-align: center\">Strat\u00e9gies de commandites astucieuses bas\u00e9es sur des donn\u00e9es concr\u00e8tes.<\/p>\n<\/div><\/div><div class=\"wpb_column col-md-4 hidden-sm hidden-xs\"><div  class=\"full-block align-left\" ><img src=\"http:\/\/tedsponsorship.com\/wp-content\/uploads\/2016\/04\/fleche_3.png\"  alt=\"\" title=\"\" \/><\/div><\/div><\/div><\/section><\/div><div class=\"wpb_column col-md-4\"><section  class=\"content-section full-width with-col cover no-padding no-margin content-section-69f5c53e31a39\"><div class=\"row vc_row-fluid\"><div class=\"wpb_column col-md-8\"><div class=\"section-text text-block align-center\" ><h3 style=\"text-align: center;margin-bottom: 10px\">Opportunit\u00e9s<\/h3>\n<p style=\"text-align: center\">Recherche, repr\u00e9sentation, n\u00e9gociation et gestion de vos commandites.<\/p>\n<\/div><\/div><div class=\"wpb_column col-md-4 hidden-sm hidden-xs\"><div  class=\"full-block align-left\" ><img src=\"http:\/\/tedsponsorship.com\/wp-content\/uploads\/2016\/04\/fleche_3.png\"  alt=\"\" title=\"\" \/><\/div><\/div><\/div><\/section><\/div><\/div><\/section><section  class=\"content-section full-width with-col cover no-padding no-margin content-section-69f5c53e32175\"><div class=\"row vc_row-fluid\"><div class=\"wpb_column col-md-4\"><section  class=\"content-section full-width with-col cover no-padding no-margin content-section-69f5c53e32862\"><div class=\"row vc_row-fluid\"><div class=\"wpb_column col-md-4 hidden-sm hidden-xs\"><div  class=\"full-block align-right\" ><img src=\"http:\/\/tedsponsorship.com\/wp-content\/uploads\/2016\/04\/fleche_3.png\"  alt=\"\" title=\"\" \/><\/div><\/div><div class=\"wpb_column col-md-8\"><div class=\"section-text text-block align-center\" ><h3 style=\"text-align: center;margin-bottom: 10px\">Engagement<\/h3>\n<p style=\"text-align: center\">Programmes d\u2019engagement multicanaux pour donner vie \u00e0 vos commandites.<\/p>\n<\/div><\/div><\/div><\/section><\/div><div class=\"wpb_column col-md-4\"><section  class=\"content-section full-width with-col cover no-padding no-margin content-section-69f5c53e331cf\"><div class=\"row vc_row-fluid\"><div class=\"wpb_column col-md-4 hidden-sm hidden-xs\"><div  class=\"full-block align-right\" ><img src=\"http:\/\/tedsponsorship.com\/wp-content\/uploads\/2016\/04\/fleche_3.png\"  alt=\"\" title=\"\" \/><\/div><\/div><div class=\"wpb_column col-md-8\"><div class=\"section-text text-block align-center\" ><h3 style=\"text-align: center;margin-bottom: 10px\">Amplification<\/h3>\n<p style=\"text-align: center\">Histoires captivantes sur la contribution sociale de votre organisation, d\u00e9livr\u00e9es efficacement \u00e0 votre public cible.<\/p>\n<\/div><\/div><\/div><\/section><\/div><div class=\"wpb_column col-md-4\"><section  class=\"content-section full-width with-col cover no-padding no-margin content-section-69f5c53e33b47\"><div class=\"row vc_row-fluid\"><div class=\"wpb_column col-md-4 hidden-sm hidden-xs\"><div  class=\"full-block align-right\" ><img src=\"http:\/\/tedsponsorship.com\/wp-content\/uploads\/2016\/04\/fleche_3.png\"  alt=\"\" title=\"\" \/><\/div><\/div><div class=\"wpb_column col-md-8\"><div class=\"section-text text-block align-center\" ><h3 style=\"text-align: center;margin-bottom: 10px\">Optimisation<\/h3>\n<p style=\"text-align: center\">Suivi de la performance de votre plateforme de commandite et sessions de travail mensuelles sur l\u2019optimisation.<\/p>\n<\/div><\/div><\/div><\/section><\/div><\/div><\/section><section  class=\"content-section full-width with-col cover no-padding no-margin content-section-69f5c53e342be\"><div class=\"row vc_row-fluid\"><div class=\"wpb_column col-md-12\"><div  class=\"clear rs-space\" style=\"height:80px;\"><\/div><\/div><\/div><\/section><section  id=\"services\" class=\"content-section full-width with-col cover custom-padding no-margin content-section-69f5c53e3496f\" data-background=http:\/\/tedsponsorship.com\/wp-content\/uploads\/2016\/04\/toronto_home_80.jpg><div class=\"row vc_row-fluid\"><div class=\"wpb_column col-md-6\"><div class=\"section-text text-block align-Right\" style=\"color:#ffffff;\"><h1 style=\"text-align: center\"><span style=\"color: #ffffff\">Notre expertise<\/span><\/h1>\n<\/div><\/div><div class=\"wpb_column col-md-6\"><div class=\"section-text text-block \" style=\"color:#ffffff;\"><ul>\n<li>Strat\u00e9gies de commandites<\/li>\n<li>Nouvelles opportunit\u00e9s de commandites<\/li>\n<li>Partenariats strat\u00e9giques<\/li>\n<li>Marketing des commandites<\/li>\n<li>Consultation<\/li>\n<li>Ateliers sur les commandites sociales<\/li>\n<\/ul>\n<\/div><\/div><\/div><\/section><section  id=\"careers\" class=\"content-section full-width with-col cover pt-70 pb-70 pt-xs-50 pb-xs-50 no-margin content-section-69f5c53e35361\"><div class=\"row vc_row-fluid\"><div class=\"wpb_column col-md-12\"><div class=\"section-text text-block align-center\" style=\"color:#ffffff;\"><h1 style=\"text-align: center\">Carri\u00e8res<\/h1>\n<\/div><div class=\"section-text text-block align-center\" ><p style=\"text-align: center\">Si vous \u00eates motiv\u00e9(e) par le changement social positif et que vous \u00eates passionn\u00e9(e) de la commandite, envoyez-nous votre CV et partagez votre opinion sur la commandite sociale \u00e0 <a href=\"mailto:info@tedsponsorship.com\">info@tedsponsorship.com<\/a><\/p>\n<\/div><\/div><\/div><\/section><section  id=\"contact\" class=\"content-section full-width with-col cover custom-padding no-margin content-section-69f5c53e35a3e\"><div class=\"row vc_row-fluid\"><div class=\"wpb_column col-md-12\"><div class=\"section-text text-block align-left\" ><h1>Nous joindre<\/h1>\n<\/div><div  class=\"clear rs-space\" style=\"height:25px;\"><\/div><\/div><\/div><\/section><section  class=\"content-section full-width with-col cover no-padding no-margin content-section-69f5c53e35e0d\"><div class=\"row vc_row-fluid\"><div class=\"wpb_column col-md-4\"><div class=\"section-text text-block align-left\" ><p><span style=\"color: #000000\"><strong>Opportunit\u00e9s d&rsquo;affaires<\/strong><\/span><br \/>\n<span style=\"color: #000000\">fred@tedsponsorship.com<\/span><br \/>\n<span style=\"color: #000000\">+1 514.366.0303 #400<\/span><\/p>\n<p><span style=\"color: #000000\"><strong>Questions, commentaires et autres demandes<\/strong><\/span><br \/>\n<span style=\"color: #000000\"> info@tedsponsorship.com<\/span><\/p>\n<\/div><\/div><div class=\"wpb_column col-md-4\"><div class=\"section-text text-block \" ><p><span style=\"color: #000000\"><strong>Si\u00e8ge social<\/strong><\/span><br \/>\n<span style=\"color: #000000\"> 4020 rue St-Ambroise, Bureau 454<\/span><br \/>\n<span style=\"color: #000000\"> Montr\u00e9al [Qu\u00e9bec] <\/span><span style=\"color: #000000\">H4C2C7<\/span><\/p>\n<p><a href=\"https:\/\/www.linkedin.com\/company\/10478681\/\" target=\"_blank\" rel=\"noopener\">Suivez-nous<\/a><br \/>\n<a href=\"https:\/\/www.linkedin.com\/company\/10478681\/\" target=\"_blank\" rel=\"noopener\"><img loading=\"lazy\" src=\"http:\/\/tedsponsorship.com\/wp-content\/uploads\/2016\/04\/linkedin_logo_rev.png\" alt=\"linkedin_logo_rev\" width=\"36\" height=\"34\" \/><\/a><\/p>\n<\/div><\/div><div class=\"wpb_column col-md-4 align-right\"><div class=\"section-text text-block align-Right\" ><p style=\"text-align: right\"><span style=\"font-size: 9px\"><img loading=\"lazy\" class=\"alignnone size-full wp-image-3499\" src=\"http:\/\/tedsponsorship.com\/wp-content\/uploads\/2015\/03\/TED_Sponsorship_footer.png\" alt=\"TED Sponsorship\" width=\"100\" height=\"87\" \/><\/span><\/p>\n<p style=\"text-align: right\"><span style=\"font-size: 9px\">\u00a9\u00a02017 \u2013 tedsponsorship.com \u2013 Tous droits r\u00e9serv\u00e9s.<\/span><\/p>\n<\/div><\/div><\/div><\/section><section  class=\"content-section full-width with-col cover no-padding no-margin content-section-69f5c53e37780\"><div class=\"row vc_row-fluid\"><div class=\"wpb_column col-md-12\"><div  class=\"clear rs-space\" style=\"height:100px;\"><\/div><\/div><\/div><\/section><\/p>","protected":false},"excerpt":{"rendered":"Des commandites qui font une diff\u00e9rence.Nous sommes les sp\u00e9cialistes de la commandite avec une approche humaine et un sens aiguis\u00e9 pour les affaires. C\u2019est si valorisant de faire le bien Contribuer \u00e0 un changement social positif et durable n\u2019est pas qu\u2019une simple fa\u00e7on de polir son image corporative, c\u2019est un engagement vers la cr\u00e9ation d\u2019une","protected":false},"author":1,"featured_media":0,"parent":0,"menu_order":0,"comment_status":"closed","ping_status":"closed","template":"","meta":[],"_links":{"self":[{"href":"http:\/\/tedsponsorship.com\/fr\/wp-json\/wp\/v2\/pages\/3039"}],"collection":[{"href":"http:\/\/tedsponsorship.com\/fr\/wp-json\/wp\/v2\/pages"}],"about":[{"href":"http:\/\/tedsponsorship.com\/fr\/wp-json\/wp\/v2\/types\/page"}],"author":[{"embeddable":true,"href":"http:\/\/tedsponsorship.com\/fr\/wp-json\/wp\/v2\/users\/1"}],"replies":[{"embeddable":true,"href":"http:\/\/tedsponsorship.com\/fr\/wp-json\/wp\/v2\/comments?post=3039"}],"version-history":[{"count":481,"href":"http:\/\/tedsponsorship.com\/fr\/wp-json\/wp\/v2\/pages\/3039\/revisions"}],"predecessor-version":[{"id":4070,"href":"http:\/\/tedsponsorship.com\/fr\/wp-json\/wp\/v2\/pages\/3039\/revisions\/4070"}],"wp:attachment":[{"href":"http:\/\/tedsponsorship.com\/fr\/wp-json\/wp\/v2\/media?parent=3039"}],"curies":[{"name":"wp","href":"https:\/\/api.w.org\/{rel}","templated":true}]}}